{"id":14410,"date":"2022-02-10T10:07:30","date_gmt":"2022-02-10T09:07:30","guid":{"rendered":"https:\/\/www.signature-com.com\/contact-us\/"},"modified":"2024-10-18T15:46:54","modified_gmt":"2024-10-18T13:46:54","slug":"contact-us","status":"publish","type":"page","link":"https:\/\/www.signature-com.com\/en\/contact-us\/","title":{"rendered":"Contact us"},"content":{"rendered":"\t\t<div data-elementor-type=\"wp-page\" data-elementor-id=\"14410\" class=\"elementor elementor-14410 elementor-6559\">\n\t\t\t\t\t\t<section class=\"elementor-section elementor-top-section elementor-element elementor-element-3a8d67f6 elementor-section-stretched elementor-section-height-min-height elementor-section-items-stretch elementor-section-content-middle elementor-section-boxed elementor-section-gap-beside-yes elementor-section-height-default elementor-section-column-vertical-align-stretch\" data-id=\"3a8d67f6\" data-element_type=\"section\" data-settings=\"{&quot;stretch_section&quot;:&quot;section-stretched&quot;,&quot;background_background&quot;:&quot;classic&quot;}\">\n\t\t\t\t\t\t\t<div class=\"elementor-background-overlay\"><\/div>\n\t\t\t\t\t\t\t<div class=\"elementor-container elementor-column-gap-extended\">\n\t\t\t\t\t<div class=\"elementor-column elementor-col-100 elementor-top-column elementor-element elementor-element-8c195de\" data-id=\"8c195de\" data-element_type=\"column\">\n\t\t\t<div class=\"elementor-widget-wrap elementor-element-populated\">\n\t\t\t\t\t\t<section class=\"elementor-section elementor-inner-section elementor-element elementor-element-13fa1f56 elementor-section-gap-beside-no elementor-section-boxed elementor-section-height-default elementor-section-height-default elementor-section-column-vertical-align-stretch\" data-id=\"13fa1f56\" data-element_type=\"section\">\n\t\t\t\t\t\t<div class=\"elementor-container elementor-column-gap-extended\">\n\t\t\t\t\t<div class=\"elementor-column elementor-col-100 elementor-inner-column elementor-element elementor-element-68e645a5\" data-id=\"68e645a5\" data-element_type=\"column\">\n\t\t\t<div class=\"elementor-widget-wrap elementor-element-populated\">\n\t\t\t\t\t\t<div class=\"elementor-element elementor-element-557ab103 elementor-widget elementor-widget-tm-heading\" data-id=\"557ab103\" data-element_type=\"widget\" data-widget_type=\"tm-heading.default\">\n\t\t\t\t<div class=\"elementor-widget-container\">\n\t\t\t\t\t\t\t<div class=\"tm-modern-heading\">\n\t\t\t\n\t\t\t\t\t<div class=\"heading-primary-wrap\">\n\t\t\t<h1 class=\"heading-primary elementor-heading-title\">Contact us<\/h1>\t\t<\/div>\n\t\t\n\t\t\t\n\t\t\t\t\t<div class=\"heading-description-wrap\">\n\t\t\t<div class=\"heading-description\">\n\t\t\t\t<p>A project, a profile, an idea...<br>Let's write a piece of history together.<\/p>\t\t\t<\/div>\n\t\t<\/div>\n\t\t\t<\/div>\n\t\t\t\t\t\t<\/div>\n\t\t\t\t<\/div>\n\t\t\t\t\t<\/div>\n\t\t<\/div>\n\t\t\t\t\t<\/div>\n\t\t<\/section>\n\t\t\t\t<div class=\"elementor-element elementor-element-564e32fb elementor-align-center elementor-widget elementor-widget-tm-separator\" data-id=\"564e32fb\" data-element_type=\"widget\" data-widget_type=\"tm-separator.default\">\n\t\t\t\t<div class=\"elementor-widget-container\">\n\t\t\t\t\t\t\t<div class=\"tm-separator vertical-line play-animate\">\n\t\t\t<div class=\"inner\"><\/div>\n\t\t<\/div>\n\t\t\t\t\t\t<\/div>\n\t\t\t\t<\/div>\n\t\t\t\t<div class=\"elementor-element elementor-element-797ad196 elementor-widget elementor-widget-tm-heading\" data-id=\"797ad196\" data-element_type=\"widget\" data-widget_type=\"tm-heading.default\">\n\t\t\t\t<div class=\"elementor-widget-container\">\n\t\t\t\t\t\t\t<div class=\"tm-modern-heading\">\n\t\t\t\t\t<div class=\"heading-secondary-wrap\">\n\t\t\t<p class=\"heading-secondary elementor-heading-title\">Let's talk<\/p>\t\t<\/div>\n\t\t\n\t\t\t\t\t<div class=\"heading-primary-wrap\">\n\t\t\t<p class=\"heading-primary elementor-heading-title\">About you<\/p>\t\t<\/div>\n\t\t\n\t\t\t\n\t\t\t\t\t<\/div>\n\t\t\t\t\t\t<\/div>\n\t\t\t\t<\/div>\n\t\t\t\t\t<\/div>\n\t\t<\/div>\n\t\t\t\t\t<\/div>\n\t\t<\/section>\n\t\t\t\t<section class=\"elementor-section elementor-top-section elementor-element elementor-element-98a3d58 elementor-section-boxed elementor-section-gap-beside-yes elementor-section-height-default elementor-section-height-default elementor-section-column-vertical-align-stretch\" data-id=\"98a3d58\" data-element_type=\"section\" id=\"nous-contacter\">\n\t\t\t\t\t\t<div class=\"elementor-container elementor-column-gap-wider\">\n\t\t\t\t\t<div class=\"elementor-column elementor-col-33 elementor-top-column elementor-element elementor-element-a99435f\" data-id=\"a99435f\" data-element_type=\"column\">\n\t\t\t<div class=\"elementor-widget-wrap elementor-element-populated\">\n\t\t\t\t\t\t<div class=\"elementor-element elementor-element-708234d elementor-widget elementor-widget-heading\" data-id=\"708234d\" data-element_type=\"widget\" data-widget_type=\"heading.default\">\n\t\t\t\t<div class=\"elementor-widget-container\">\n\t\t\t\t\t<h2 class=\"elementor-heading-title elementor-size-default\">Signature Communication<\/h2>\t\t\t\t<\/div>\n\t\t\t\t<\/div>\n\t\t\t\t<div class=\"elementor-element elementor-element-47d2930 elementor-widget elementor-widget-text-editor\" data-id=\"47d2930\" data-element_type=\"widget\" data-widget_type=\"text-editor.default\">\n\t\t\t\t<div class=\"elementor-widget-container\">\n\t\t\t\t\t\t\t\t\t<p>15 Chemin de l&#8217;Abbaye<br \/>Annecy-le-Vieux<br \/>74940 Annecy<\/p>\n<p>+33 (0)4 50 11 75 63<\/p>\n<p>Open Monday to Thursday from 9:00 am to 18:15pm and Friday from 9:00am to 16:00pm<\/p>\n\t\t\t\t\t\t\t\t<\/div>\n\t\t\t\t<\/div>\n\t\t\t\t<div class=\"elementor-element elementor-element-ec720c1 elementor-widget elementor-widget-elementskit-social-media\" data-id=\"ec720c1\" data-element_type=\"widget\" data-widget_type=\"elementskit-social-media.default\">\n\t\t\t\t<div class=\"elementor-widget-container\">\n\t\t\t\t\t<div class=\"ekit-wid-con\" >\t\t\t <ul class=\"ekit_social_media\">\n\t\t\t\t\t\t\t\t\t\t\t\t\t\t<li class=\"elementor-repeater-item-8718bbb\">\n\t\t\t\t\t    <a\n\t\t\t\t\t\thref=\"https:\/\/www.facebook.com\/SignatureCommunication\" aria-label=\"Facebook\" class=\"facebook\" >\n\t\t\t\t\t\t\t\n\t\t\t\t\t\t\t<i aria-hidden=\"true\" class=\"icon icon-facebook\"><\/i>\n                                                                                                            <\/a>\n                    <\/li>\n                    \t\t\t\t\t\t\t\t\t\t\t\t\t\t<li class=\"elementor-repeater-item-81cca32\">\n\t\t\t\t\t    <a\n\t\t\t\t\t\thref=\"https:\/\/www.instagram.com\/signature_communication\/\" aria-label=\"Instagram\" class=\"1\" >\n\t\t\t\t\t\t\t\n\t\t\t\t\t\t\t<i aria-hidden=\"true\" class=\"icon icon-instagram-1\"><\/i>\n                                                                                                            <\/a>\n                    <\/li>\n                    \t\t\t\t\t\t\t\t\t\t\t\t\t\t<li class=\"elementor-repeater-item-c735965\">\n\t\t\t\t\t    <a\n\t\t\t\t\t\thref=\"https:\/\/www.linkedin.com\/company\/signaturecommunication\/\" aria-label=\"LinkedIn\" class=\"linkedin\" >\n\t\t\t\t\t\t\t\n\t\t\t\t\t\t\t<i aria-hidden=\"true\" class=\"icon icon-linkedin\"><\/i>\n                                                                                                            <\/a>\n                    <\/li>\n                    \t\t\t\t\t\t\t\t\t\t\t\t\t\t<li class=\"elementor-repeater-item-35acf6c\">\n\t\t\t\t\t    <a\n\t\t\t\t\t\thref=\"https:\/\/www.youtube.com\/channel\/UC6XE5WO2SNslNqepwvuET6w\" aria-label=\"YouTube\" class=\"youtube\" >\n\t\t\t\t\t\t\t\n\t\t\t\t\t\t\t<i aria-hidden=\"true\" class=\"fab fa-youtube\"><\/i>\n                                                                                                            <\/a>\n                    <\/li>\n                    \t\t\t\t\t\t\t<\/ul>\n\t\t<\/div>\t\t\t\t<\/div>\n\t\t\t\t<\/div>\n\t\t\t\t\t<\/div>\n\t\t<\/div>\n\t\t\t\t<div class=\"elementor-column elementor-col-66 elementor-top-column elementor-element elementor-element-9e65955\" data-id=\"9e65955\" data-element_type=\"column\">\n\t\t\t<div class=\"elementor-widget-wrap elementor-element-populated\">\n\t\t\t\t\t\t<div class=\"elementor-element elementor-element-22c0926 elementor-widget elementor-widget-elementskit-contact-form7\" data-id=\"22c0926\" data-element_type=\"widget\" data-widget_type=\"elementskit-contact-form7.default\">\n\t\t\t\t<div class=\"elementor-widget-container\">\n\t\t\t\t\t<div class=\"ekit-wid-con\" ><div class=\"ekit-form\">\n<div class=\"wpcf7 no-js\" id=\"wpcf7-f14564-p14410-o1\" lang=\"fr-FR\" dir=\"ltr\" data-wpcf7-id=\"14564\">\n<div class=\"screen-reader-response\"><p role=\"status\" aria-live=\"polite\" aria-atomic=\"true\"><\/p> <ul><\/ul><\/div>\n<form action=\"\/en\/contact-us\/#wpcf7-f14564-p14410-o1\" method=\"post\" class=\"wpcf7-form init\" aria-label=\"Formulaire de contact\" enctype=\"multipart\/form-data\" novalidate=\"novalidate\" data-status=\"init\">\n<fieldset class=\"hidden-fields-container\"><input type=\"hidden\" name=\"_wpcf7\" value=\"14564\" \/><input type=\"hidden\" name=\"_wpcf7_version\" value=\"6.1.4\" \/><input type=\"hidden\" name=\"_wpcf7_locale\" value=\"fr_FR\" \/><input type=\"hidden\" name=\"_wpcf7_unit_tag\" value=\"wpcf7-f14564-p14410-o1\" \/><input type=\"hidden\" name=\"_wpcf7_container_post\" value=\"14410\" \/><input type=\"hidden\" name=\"_wpcf7_posted_data_hash\" value=\"\" \/><input type=\"hidden\" name=\"_wpcf7_recaptcha_response\" value=\"\" \/>\n<\/fieldset>\n<div class=\"one-half\">\n\t<p><label for=\"nom_prenom\">Nom et Pr\u00e9nom*<\/label><br \/>\n<span class=\"wpcf7-form-control-wrap\" data-name=\"contact_nom_prenom\"><input size=\"40\" maxlength=\"400\" class=\"wpcf7-form-control wpcf7-text wpcf7-validates-as-required contact_left\" id=\"contact_nom\" aria-required=\"true\" aria-invalid=\"false\" placeholder=\"Votre nom et pr\u00e9nom\" value=\"\" type=\"text\" name=\"contact_nom_prenom\" \/><\/span><br \/>\n<label for=\"societe\">Soci\u00e9t\u00e9<\/label><br \/>\n<span class=\"wpcf7-form-control-wrap\" data-name=\"contact_societe\"><input size=\"40\" maxlength=\"400\" class=\"wpcf7-form-control wpcf7-text contact_left\" id=\"contact_societe\" aria-invalid=\"false\" placeholder=\"Votre soci\u00e9t\u00e9\" value=\"\" type=\"text\" name=\"contact_societe\" \/><\/span>\n\t<\/p>\n<\/div>\n<div class=\"one-half last\">\n\t<p><label for=\"contact_email\">Mail*<\/label><br \/>\n<span class=\"wpcf7-form-control-wrap\" data-name=\"contact_email\"><input size=\"40\" maxlength=\"400\" class=\"wpcf7-form-control wpcf7-email wpcf7-validates-as-required wpcf7-text wpcf7-validates-as-email contact_left\" id=\"contact_mail\" aria-required=\"true\" aria-invalid=\"false\" placeholder=\"Votre email\" value=\"\" type=\"email\" name=\"contact_email\" \/><\/span><br \/>\n<label for=\"contact_telephone\">T\u00e9l\u00e9phone*<\/label><br \/>\n<span class=\"wpcf7-form-control-wrap\" data-name=\"contact_telephone\"><input size=\"40\" maxlength=\"400\" class=\"wpcf7-form-control wpcf7-tel wpcf7-validates-as-required wpcf7-text wpcf7-validates-as-tel contact_left\" id=\"contact_telephone\" aria-required=\"true\" aria-invalid=\"false\" placeholder=\"Votre t\u00e9l\u00e9phone*\" value=\"\" type=\"tel\" name=\"contact_telephone\" \/><\/span>\n\t<\/p>\n<\/div>\n<div class=\"msg\">\n\t<p><label for=\"objet\">Objet*<\/label><br \/>\n<span class=\"wpcf7-form-control-wrap\" data-name=\"objet\"><select class=\"wpcf7-form-control wpcf7-select wpcf7-validates-as-required contact_right\" id=\"footer_objet\" aria-required=\"true\" aria-invalid=\"false\" name=\"objet\"><option value=\"Renseignements et projets\">Renseignements et projets<\/option><option value=\"Envoyer ma candidature\">Envoyer ma candidature<\/option><\/select><\/span><br \/>\n<label for=\"contact_message\">Message*<\/label><br \/>\n<span class=\"wpcf7-form-control-wrap\" data-name=\"contact_message\"><textarea cols=\"40\" rows=\"10\" maxlength=\"2000\" class=\"wpcf7-form-control wpcf7-textarea wpcf7-validates-as-required contact_right\" id=\"contact_msg\" aria-required=\"true\" aria-invalid=\"false\" placeholder=\"Votre message\" name=\"contact_message\"><\/textarea><\/span>\n\t<\/p>\n\t<div id=\"file-upload\" style=\"display: none;\">\n\t\t<p><label for=\"fichier\">Votre CV<\/label><br \/>\n<span class=\"wpcf7-form-control-wrap\" data-name=\"fichier\"><input size=\"40\" class=\"wpcf7-form-control wpcf7-file contact_right\" id=\"footer_fichier\" accept=\".pdf\" aria-invalid=\"false\" type=\"file\" name=\"fichier\" \/><\/span>\n\t\t<\/p>\n\t<\/div>\n\t<p><input class=\"wpcf7-form-control wpcf7-submit has-spinner contact_right\" id=\"contact_envoyer\" type=\"submit\" value=\"Envoyer\" \/>\n\t<\/p>\n<\/div><div class=\"wpcf7-response-output\" aria-hidden=\"true\"><\/div>\n<\/form>\n<\/div>\n<\/div><\/div>\t\t\t\t<\/div>\n\t\t\t\t<\/div>\n\t\t\t\t\t<\/div>\n\t\t<\/div>\n\t\t\t\t\t<\/div>\n\t\t<\/section>\n\t\t\t\t<section class=\"elementor-section elementor-top-section elementor-element elementor-element-5cfb3cd elementor-section-boxed elementor-section-gap-beside-yes elementor-section-height-default elementor-section-height-default elementor-section-column-vertical-align-stretch\" data-id=\"5cfb3cd\" data-element_type=\"section\">\n\t\t\t\t\t\t<div class=\"elementor-container elementor-column-gap-extended\">\n\t\t\t\t\t<div class=\"elementor-column elementor-col-100 elementor-top-column elementor-element elementor-element-e4c52b8\" data-id=\"e4c52b8\" data-element_type=\"column\">\n\t\t\t<div class=\"elementor-widget-wrap elementor-element-populated\">\n\t\t\t\t\t\t<div class=\"elementor-element elementor-element-05d4af8 elementor-widget elementor-widget-tm-image-gallery\" data-id=\"05d4af8\" data-element_type=\"widget\" data-settings=\"{&quot;grid_columns&quot;:4,&quot;grid_columns_tablet&quot;:2,&quot;grid_columns_mobile&quot;:1}\" data-widget_type=\"tm-image-gallery.default\">\n\t\t\t\t<div class=\"elementor-widget-container\">\n\t\t\t\t\t\t\t<div class=\"billey-grid-wrapper\" data-grid=\"{&quot;type&quot;:&quot;masonry&quot;,&quot;ratio&quot;:null,&quot;columns&quot;:4,&quot;columnsTablet&quot;:2,&quot;columnsMobile&quot;:1,&quot;gutter&quot;:30}\">\n\t\t\t<div class=\"billey-grid\">\n\t\t\t\t<div class=\"grid-sizer\"><\/div>\n\n\t\t\t\t\t\t\t\t\t\t\t\t<div class=\"grid-item\">\n\t\t\t\t\t\t<div class=\"billey-box\">\t\t<div class=\"billey-image image\">\n\t\t\t<img decoding=\"async\"  src=\"https:\/\/www.signature-com.com\/wp-content\/uploads\/2022\/11\/P1033561-scaled.jpg\" alt=\"P1033561\" \/>\t\t<\/div>\n\t\t\t\t<\/div>\t\t\t\t\t<\/div>\n\t\t\t\t\t\t<div class=\"grid-item\">\n\t\t\t\t\t\t<div class=\"billey-box\">\t\t<div class=\"billey-image image\">\n\t\t\t<img decoding=\"async\"  src=\"https:\/\/www.signature-com.com\/wp-content\/uploads\/2022\/11\/P1055536-scaled.jpg\" alt=\"P1055536\" \/>\t\t<\/div>\n\t\t\t\t<\/div>\t\t\t\t\t<\/div>\n\t\t\t\t\t\t<div class=\"grid-item\">\n\t\t\t\t\t\t<div class=\"billey-box\">\t\t<div class=\"billey-image image\">\n\t\t\t<img decoding=\"async\"  src=\"https:\/\/www.signature-com.com\/wp-content\/uploads\/2022\/11\/unnamed-file-scaled.jpg\" alt=\"Processed with VSCO with a6 preset\" \/>\t\t<\/div>\n\t\t\t\t<\/div>\t\t\t\t\t<\/div>\n\t\t\t\t\t\t<div class=\"grid-item\">\n\t\t\t\t\t\t<div class=\"billey-box\">\t\t<div class=\"billey-image image\">\n\t\t\t<img decoding=\"async\"  src=\"https:\/\/www.signature-com.com\/wp-content\/uploads\/2022\/11\/IMG_20210330_111439-scaled.jpg\" alt=\"IMG_20210330_111439\" \/>\t\t<\/div>\n\t\t\t\t<\/div>\t\t\t\t\t<\/div>\n\t\t\t\t\t\t<div class=\"grid-item\">\n\t\t\t\t\t\t<div class=\"billey-box\">\t\t<div class=\"billey-image image\">\n\t\t\t<img decoding=\"async\"  src=\"https:\/\/www.signature-com.com\/wp-content\/uploads\/2022\/11\/P1033529-2.jpg\" alt=\"P1033529-2\" \/>\t\t<\/div>\n\t\t\t\t<\/div>\t\t\t\t\t<\/div>\n\t\t\t\t\t\t<div class=\"grid-item\">\n\t\t\t\t\t\t<div class=\"billey-box\">\t\t<div class=\"billey-image image\">\n\t\t\t<img decoding=\"async\"  src=\"https:\/\/www.signature-com.com\/wp-content\/uploads\/2022\/11\/P1055158-scaled.jpg\" alt=\"P1055158\" \/>\t\t<\/div>\n\t\t\t\t<\/div>\t\t\t\t\t<\/div>\n\t\t\t\t\t\t<div class=\"grid-item\">\n\t\t\t\t\t\t<div class=\"billey-box\">\t\t<div class=\"billey-image image\">\n\t\t\t<img decoding=\"async\"  src=\"https:\/\/www.signature-com.com\/wp-content\/uploads\/2022\/11\/P1055149-scaled.jpg\" alt=\"P1055149\" \/>\t\t<\/div>\n\t\t\t\t<\/div>\t\t\t\t\t<\/div>\n\t\t\t\t\t\t<div class=\"grid-item\">\n\t\t\t\t\t\t<div class=\"billey-box\">\t\t<div class=\"billey-image image\">\n\t\t\t<img decoding=\"async\"  src=\"https:\/\/www.signature-com.com\/wp-content\/uploads\/2022\/11\/9299542C-91DF-4EF9-ACE7-85D58F5FF619.jpg\" alt=\"9299542C-91DF-4EF9-ACE7-85D58F5FF619\" \/>\t\t<\/div>\n\t\t\t\t<\/div>\t\t\t\t\t<\/div>\n\t\t\t\t\t\t<div class=\"grid-item\">\n\t\t\t\t\t\t<div class=\"billey-box\">\t\t<div class=\"billey-image image\">\n\t\t\t<img decoding=\"async\"  src=\"https:\/\/www.signature-com.com\/wp-content\/uploads\/2022\/11\/P1055499-scaled.jpg\" alt=\"P1055499\" \/>\t\t<\/div>\n\t\t\t\t<\/div>\t\t\t\t\t<\/div>\n\t\t\t\t\t\t\t\n\t\t\t<\/div>\n\t\t<\/div>\n\t\t\t\t\t\t<\/div>\n\t\t\t\t<\/div>\n\t\t\t\t\t<\/div>\n\t\t<\/div>\n\t\t\t\t\t<\/div>\n\t\t<\/section>\n\t\t\t\t<\/div>\n\t\t","protected":false},"excerpt":{"rendered":"<p>Contact us A project, a profile, an idea&#8230;Let&#8217;s write a piece of history together. Let&#8217;s talk About you Signature Communication 15 Chemin de l&#8217;AbbayeAnnecy-le-Vieux74940 Annecy +33 (0)4 50 11 75 63 Open Monday to Thursday from 9:00 am to 18:15pm and Friday from 9:00am to 16:00pm Nom et Pr\u00e9nom* Soci\u00e9t\u00e9 Mail* T\u00e9l\u00e9phone* Objet* Renseignements et projetsEnvoyer ma candidature Message* Votre CV<\/p>\n","protected":false},"author":3,"featured_media":0,"parent":0,"menu_order":0,"comment_status":"closed","ping_status":"closed","template":"","meta":{"footnotes":""},"class_list":["post-14410","page","type-page","status-publish","hentry","post-no-thumbnail"],"yoast_head":"<!-- This site is optimized with the Yoast SEO plugin v26.8 - https:\/\/yoast.com\/product\/yoast-seo-wordpress\/ -->\n<title>Contact us | Signature Communication - Agence de Communication Annecy \/ Gen\u00e8ve<\/title>\n<meta name=\"description\" content=\"Advertising, brand strategy, design, and digital... Let&#039;s discuss your 360 communication projects in Annecy.\" \/>\n<meta name=\"robots\" content=\"index, follow, max-snippet:-1, max-image-preview:large, max-video-preview:-1\" \/>\n<link rel=\"canonical\" href=\"https:\/\/www.signature-com.com\/en\/contact-us\/\" \/>\n<meta property=\"og:locale\" content=\"en_US\" \/>\n<meta property=\"og:type\" content=\"article\" \/>\n<meta property=\"og:title\" content=\"Contact us | Signature Communication - Agence de Communication Annecy \/ Gen\u00e8ve\" \/>\n<meta property=\"og:description\" content=\"Advertising, brand strategy, design, and digital... Let&#039;s discuss your 360 communication projects in Annecy.\" \/>\n<meta property=\"og:url\" content=\"https:\/\/www.signature-com.com\/en\/contact-us\/\" \/>\n<meta property=\"og:site_name\" content=\"Signature Communication - Agence de Communication Annecy \/ Gen\u00e8ve\" \/>\n<meta property=\"article:modified_time\" content=\"2024-10-18T13:46:54+00:00\" \/>\n<meta property=\"og:image\" content=\"https:\/\/www.signature-com.com\/wp-content\/uploads\/2022\/11\/P1033561-scaled.jpg\" \/>\n<meta name=\"twitter:card\" content=\"summary_large_image\" \/>\n<script type=\"application\/ld+json\" class=\"yoast-schema-graph\">{\"@context\":\"https:\/\/schema.org\",\"@graph\":[{\"@type\":\"WebPage\",\"@id\":\"https:\/\/www.signature-com.com\/en\/contact-us\/\",\"url\":\"https:\/\/www.signature-com.com\/en\/contact-us\/\",\"name\":\"Contact us | Signature Communication - Agence de Communication Annecy \/ Gen\u00e8ve\",\"isPartOf\":{\"@id\":\"https:\/\/www.signature-com.com\/en\/#website\"},\"primaryImageOfPage\":{\"@id\":\"https:\/\/www.signature-com.com\/en\/contact-us\/#primaryimage\"},\"image\":{\"@id\":\"https:\/\/www.signature-com.com\/en\/contact-us\/#primaryimage\"},\"thumbnailUrl\":\"https:\/\/www.signature-com.com\/wp-content\/uploads\/2022\/11\/P1033561-scaled.jpg\",\"datePublished\":\"2022-02-10T09:07:30+00:00\",\"dateModified\":\"2024-10-18T13:46:54+00:00\",\"description\":\"Advertising, brand strategy, design, and digital... Let's discuss your 360 communication projects in Annecy.\",\"breadcrumb\":{\"@id\":\"https:\/\/www.signature-com.com\/en\/contact-us\/#breadcrumb\"},\"inLanguage\":\"en-US\",\"potentialAction\":[{\"@type\":\"ReadAction\",\"target\":[\"https:\/\/www.signature-com.com\/en\/contact-us\/\"]}]},{\"@type\":\"ImageObject\",\"inLanguage\":\"en-US\",\"@id\":\"https:\/\/www.signature-com.com\/en\/contact-us\/#primaryimage\",\"url\":\"https:\/\/www.signature-com.com\/wp-content\/uploads\/2022\/11\/P1033561-scaled.jpg\",\"contentUrl\":\"https:\/\/www.signature-com.com\/wp-content\/uploads\/2022\/11\/P1033561-scaled.jpg\"},{\"@type\":\"BreadcrumbList\",\"@id\":\"https:\/\/www.signature-com.com\/en\/contact-us\/#breadcrumb\",\"itemListElement\":[{\"@type\":\"ListItem\",\"position\":1,\"name\":\"Accueil\",\"item\":\"https:\/\/www.signature-com.com\/en\/homepage\/\"},{\"@type\":\"ListItem\",\"position\":2,\"name\":\"Contact us\"}]},{\"@type\":\"WebSite\",\"@id\":\"https:\/\/www.signature-com.com\/en\/#website\",\"url\":\"https:\/\/www.signature-com.com\/en\/\",\"name\":\"Signature Communication\",\"description\":\"La communication par l&#039;\u00e9motion\",\"publisher\":{\"@id\":\"https:\/\/www.signature-com.com\/en\/#organization\"},\"potentialAction\":[{\"@type\":\"SearchAction\",\"target\":{\"@type\":\"EntryPoint\",\"urlTemplate\":\"https:\/\/www.signature-com.com\/en\/?s={search_term_string}\"},\"query-input\":{\"@type\":\"PropertyValueSpecification\",\"valueRequired\":true,\"valueName\":\"search_term_string\"}}],\"inLanguage\":\"en-US\"},{\"@type\":\"Organization\",\"@id\":\"https:\/\/www.signature-com.com\/en\/#organization\",\"name\":\"Signature Communication\",\"url\":\"https:\/\/www.signature-com.com\/en\/\",\"logo\":{\"@type\":\"ImageObject\",\"inLanguage\":\"en-US\",\"@id\":\"https:\/\/www.signature-com.com\/en\/#\/schema\/logo\/image\/\",\"url\":\"https:\/\/www.signature-com.com\/wp-content\/uploads\/2022\/02\/Logos-Signatures_1-e1671108063955.png\",\"contentUrl\":\"https:\/\/www.signature-com.com\/wp-content\/uploads\/2022\/02\/Logos-Signatures_1-e1671108063955.png\",\"width\":284,\"height\":90,\"caption\":\"Signature Communication\"},\"image\":{\"@id\":\"https:\/\/www.signature-com.com\/en\/#\/schema\/logo\/image\/\"}}]}<\/script>\n<!-- \/ Yoast SEO plugin. -->","yoast_head_json":{"title":"Contact us | Signature Communication - Agence de Communication Annecy \/ Gen\u00e8ve","description":"Advertising, brand strategy, design, and digital... Let's discuss your 360 communication projects in Annecy.","robots":{"index":"index","follow":"follow","max-snippet":"max-snippet:-1","max-image-preview":"max-image-preview:large","max-video-preview":"max-video-preview:-1"},"canonical":"https:\/\/www.signature-com.com\/en\/contact-us\/","og_locale":"en_US","og_type":"article","og_title":"Contact us | Signature Communication - Agence de Communication Annecy \/ Gen\u00e8ve","og_description":"Advertising, brand strategy, design, and digital... Let's discuss your 360 communication projects in Annecy.","og_url":"https:\/\/www.signature-com.com\/en\/contact-us\/","og_site_name":"Signature Communication - Agence de Communication Annecy \/ Gen\u00e8ve","article_modified_time":"2024-10-18T13:46:54+00:00","og_image":[{"url":"https:\/\/www.signature-com.com\/wp-content\/uploads\/2022\/11\/P1033561-scaled.jpg","type":"","width":"","height":""}],"twitter_card":"summary_large_image","schema":{"@context":"https:\/\/schema.org","@graph":[{"@type":"WebPage","@id":"https:\/\/www.signature-com.com\/en\/contact-us\/","url":"https:\/\/www.signature-com.com\/en\/contact-us\/","name":"Contact us | Signature Communication - Agence de Communication Annecy \/ Gen\u00e8ve","isPartOf":{"@id":"https:\/\/www.signature-com.com\/en\/#website"},"primaryImageOfPage":{"@id":"https:\/\/www.signature-com.com\/en\/contact-us\/#primaryimage"},"image":{"@id":"https:\/\/www.signature-com.com\/en\/contact-us\/#primaryimage"},"thumbnailUrl":"https:\/\/www.signature-com.com\/wp-content\/uploads\/2022\/11\/P1033561-scaled.jpg","datePublished":"2022-02-10T09:07:30+00:00","dateModified":"2024-10-18T13:46:54+00:00","description":"Advertising, brand strategy, design, and digital... Let's discuss your 360 communication projects in Annecy.","breadcrumb":{"@id":"https:\/\/www.signature-com.com\/en\/contact-us\/#breadcrumb"},"inLanguage":"en-US","potentialAction":[{"@type":"ReadAction","target":["https:\/\/www.signature-com.com\/en\/contact-us\/"]}]},{"@type":"ImageObject","inLanguage":"en-US","@id":"https:\/\/www.signature-com.com\/en\/contact-us\/#primaryimage","url":"https:\/\/www.signature-com.com\/wp-content\/uploads\/2022\/11\/P1033561-scaled.jpg","contentUrl":"https:\/\/www.signature-com.com\/wp-content\/uploads\/2022\/11\/P1033561-scaled.jpg"},{"@type":"BreadcrumbList","@id":"https:\/\/www.signature-com.com\/en\/contact-us\/#breadcrumb","itemListElement":[{"@type":"ListItem","position":1,"name":"Accueil","item":"https:\/\/www.signature-com.com\/en\/homepage\/"},{"@type":"ListItem","position":2,"name":"Contact us"}]},{"@type":"WebSite","@id":"https:\/\/www.signature-com.com\/en\/#website","url":"https:\/\/www.signature-com.com\/en\/","name":"Signature Communication","description":"La communication par l&#039;\u00e9motion","publisher":{"@id":"https:\/\/www.signature-com.com\/en\/#organization"},"potentialAction":[{"@type":"SearchAction","target":{"@type":"EntryPoint","urlTemplate":"https:\/\/www.signature-com.com\/en\/?s={search_term_string}"},"query-input":{"@type":"PropertyValueSpecification","valueRequired":true,"valueName":"search_term_string"}}],"inLanguage":"en-US"},{"@type":"Organization","@id":"https:\/\/www.signature-com.com\/en\/#organization","name":"Signature Communication","url":"https:\/\/www.signature-com.com\/en\/","logo":{"@type":"ImageObject","inLanguage":"en-US","@id":"https:\/\/www.signature-com.com\/en\/#\/schema\/logo\/image\/","url":"https:\/\/www.signature-com.com\/wp-content\/uploads\/2022\/02\/Logos-Signatures_1-e1671108063955.png","contentUrl":"https:\/\/www.signature-com.com\/wp-content\/uploads\/2022\/02\/Logos-Signatures_1-e1671108063955.png","width":284,"height":90,"caption":"Signature Communication"},"image":{"@id":"https:\/\/www.signature-com.com\/en\/#\/schema\/logo\/image\/"}}]}},"_links":{"self":[{"href":"https:\/\/www.signature-com.com\/en\/wp-json\/wp\/v2\/pages\/14410","targetHints":{"allow":["GET"]}}],"collection":[{"href":"https:\/\/www.signature-com.com\/en\/wp-json\/wp\/v2\/pages"}],"about":[{"href":"https:\/\/www.signature-com.com\/en\/wp-json\/wp\/v2\/types\/page"}],"author":[{"embeddable":true,"href":"https:\/\/www.signature-com.com\/en\/wp-json\/wp\/v2\/users\/3"}],"replies":[{"embeddable":true,"href":"https:\/\/www.signature-com.com\/en\/wp-json\/wp\/v2\/comments?post=14410"}],"version-history":[{"count":5,"href":"https:\/\/www.signature-com.com\/en\/wp-json\/wp\/v2\/pages\/14410\/revisions"}],"predecessor-version":[{"id":14574,"href":"https:\/\/www.signature-com.com\/en\/wp-json\/wp\/v2\/pages\/14410\/revisions\/14574"}],"wp:attachment":[{"href":"https:\/\/www.signature-com.com\/en\/wp-json\/wp\/v2\/media?parent=14410"}],"curies":[{"name":"wp","href":"https:\/\/api.w.org\/{rel}","templated":true}]}}